{"id":239228,"date":"2022-07-21T04:23:09","date_gmt":"2022-07-21T04:23:09","guid":{"rendered":"https:\/\/dblogin.wpenginepowered.com\/portal-login\/"},"modified":"2025-10-10T12:11:56","modified_gmt":"2025-10-10T12:11:56","slug":"logga-in","status":"publish","type":"page","link":"https:\/\/dbloginportal.com\/sv\/","title":{"rendered":"Logga in"},"content":{"rendered":"[et_pb_section admin_label=&#8221;section&#8221;]\n\t\t\t[et_pb_row admin_label=&#8221;row&#8221;]\n\t\t\t\t[et_pb_column type=&#8221;4_4&#8243;][et_pb_text admin_label=&#8221;Text&#8221;]\n<p><\/p>\n\n\n\n<p><\/p>\n\n\n\n<p><\/p>\n\n\n\n<p><\/p>\n\n\n\n<p><\/p>\n\n\n\n<div class=\"wp-block-columns is-layout-flex wp-container-core-columns-is-layout-9d6595d7 wp-block-columns-is-layout-flex\">\n<div class=\"wp-block-column is-layout-flow wp-block-column-is-layout-flow\" style=\"flex-basis:100%\">\n                <style>\n        .bcp-part-login .login-btn-group .bcp-btn {\n            background-color: #a9915e !important;\n        }\n\n        .bcp-part-login .login-btn-group .signup-now.bcp-btn {\n            color: #a9915e !important;\n            background: transparent !important;\n        }\n    <\/style>\n        <div class=\"main-logo login-page\">\n            <div class=\"back-button\">\n                <a href=\"https:\/\/dbloginportal.com\/sv\/\"><i class=\"fa fa-chevron-left\" aria-hidden=\"true\"><\/i> <\/a>\n            <\/div>\n            <a href=\"https:\/\/dbloginportal.com\/sv\/\">\n                <img decoding=\"async\" src=\"https:\/\/dbloginportal.com\/wp-content\/uploads\/2024\/03\/Diamantbrev-logo_white-1.png\" alt=\"Customer Portal\">\n            <\/a>\n        <\/div>\n\n\n<div class=\"bcp_bank_id_login\">\n    <style>\n        .bcp-form-login p:nth-child(1),\n        .bcp-form-login p:nth-child(2) {\n            display: none;\n        }\n    <\/style>\n    <div class=\"login-bankid-form-section\">\n        <form class=\"bcp-bank_id-form\" method=\"post\" enctype=\"multipart\/form-data\">\n\n            <div class=\"form-row bankid-container\">\n                <div class=\"bankid-inner-container\">\n                    <span class=\"bankid-login-woo-title\">Logga in<\/span>\n                <\/div>\n                <div class=\"bankid-inner-buttons\">\n                    <div class=\"bank_id_action\">\n                        <button class=\"btn btn-300 btn-block btn-default btn-icon btn-icon-left signicat_auth\" type=\"button\">\n                            <span class=\"btn-link-text\">\n                                <span class=\"svg-bank bank-bankid-promo bank-24 align-left\">\n                                    <img decoding=\"async\" alt=\"bankid-promo\" class=\"svg-image svg-bank-image\" height=\"24\" src=\"https:\/\/dbloginportal.com\/wp-content\/plugins\/diamantbrev-sf-wp-portal\/public\/assets\/images\/sbid.svg\" width=\"auto\">\n                                <\/span>\n                                Logga in med BankID                            <\/span>\n                        <\/button>\n                    <\/div>\n\n                    <div class=\"footer-text bank_login_text\">\n                        Observera att det kan ta ett par sekunder innan du loggas in efter att du signerat i appen.                    <\/div>\n                <\/div>\n\n                <input type=\"hidden\" name=\"redirect\" value=\"https:\/\/dbloginportal.com\/sv\/\/my-account\">\n        <\/form>\n    <\/div>\n<\/div>\n\n<script>\n    function validateNumber(event) {\n        var key = window.event ? event.keyCode : event.which;\n        if (!event.shiftKey && !event.altKey && !event.ctrlKey &&\n            \/\/ numbers   \n            key >= 48 && key <= 57 ||\n            \/\/ Numeric keypad\n            key >= 96 && key <= 105 ||\n            \/\/ Backspace and Tab and Enter\n            key == 8 || key == 9 || key == 13 ||\n            \/\/ Home and End\n            key == 35 || key == 36 ||\n            \/\/ left and right arrows\n            key == 37 || key == 39 ||\n            \/\/ Del and Ins\n            key == 46 || key == 45) {\n            return true;\n        } else {\n            event.preventDefault();\n            return false;\n        }\n    };\n    jQuery(document).ready(function() {\n\n        $('#user_bankid').on('change keyup', function() {\n            if (jQuery(this).val() != \"\") {\n                jQuery(this).addClass('text-in');\n            } else {\n                jQuery(this).removeClass('text-in');\n            }\n        });\n        jQuery.validator.addMethod(\"check_phone\", function(value, element) {\n            var phone = value;\n            console.log(phone.length);\n            if (phone.length == 12 || phone == \"\") {\n                return true;\n            } else {\n                return false;\n            }\n        }, \"Ange ett giltigt personnummer med 12 siffror.\");\n\n        jQuery.validator.addMethod(\"check_blank\", function(value, element) {\n            return value == '' || value.trim().length != 0;\n        }, \"Detta f\u00e4lt \u00e4r obligatoriskt.\");\n\n        jQuery('.bcp-bank_id-form').validate({\n            errorPlacement: function(error, element) {\n                if (element.attr(\"name\") == \"selected-product[]\") {\n                    error.appendTo(\"#err-msg\");\n                } else {\n                    error.insertAfter(element);\n                }\n            }\n        });\n\n        jQuery.extend(jQuery.validator.messages, {\n            required: \"Detta f\u00e4lt \u00e4r obligatoriskt.\",\n            remote: \"Please fix this field.\",\n            email: \"Please enter a valid email address.\",\n            url: \"Please enter a valid URL.\",\n            date: \"Please enter a valid date.\",\n            dateISO: \"Please enter a valid date (ISO).\",\n            number: \"Please enter a valid number.\",\n            digits: \"Please enter only digits.\",\n            check_number: \"Please enter a valid number.\",\n            check_phone: \"Var v\u00e4nlig ange ett giltigt telefonnummer.\",\n            equalTo: \"Please enter the same value again.\"\n        });\n\n        jQuery.validator.addClassRules(\"sfcp-phone\", {\n            check_phone: true,\n        });\n\n        jQuery.validator.addClassRules(\"sfcp-requiredfield\", {\n            check_blank: true,\n        });\n\n        jQuery(\".sfcp-requiredfield\").each(function() {\n            var name = jQuery(this).attr(\"name\");\n            var validationMessage = jQuery(this).attr(\"validationMessage\");\n            if (typeof validationMessage !== typeof undefined && validationMessage !== false) {\n                var msg = '<label id=\"' + name + '-error\" class=\"error validation\" for=\"' + name + '\">' + validationMessage + '<\/label>';\n                jQuery(this).rules(\"add\", {\n                    messages: {\n                        required: msg\n                    },\n                });\n            }\n        });\n    });\n<\/script>\n  \n               <script>\n                jQuery( document ).ready(function() {\n                    jQuery('.entry-title.main_title').remove();\n                });\n               <\/script>\n               \n        \n<\/div>\n<\/div>\n\n\n\n<p><\/p>\n[\/et_pb_text][\/et_pb_column]\n\t\t\t[\/et_pb_row]\n\t\t[\/et_pb_section]","protected":false},"excerpt":{"rendered":"                <style>\n        .bcp-part-login .login-btn-group .bcp-btn {\n            background-color: #a9915e !important;\n        }\n\n        .bcp-part-login .login-btn-group .signup-now.bcp-btn {\n            color: #a9915e !important;\n            background: transparent !important;\n        }\n    <\/style>\n        <div class=\"main-logo login-page\">\n            <div class=\"back-button\">\n                <a href=\"https:\/\/dbloginportal.com\/sv\/\"><i class=\"fa fa-chevron-left\" aria-hidden=\"true\"><\/i> <\/a>\n            <\/div>\n            <a href=\"https:\/\/dbloginportal.com\/sv\/\">\n                <img decoding=\"async\" src=\"https:\/\/dbloginportal.com\/wp-content\/uploads\/2024\/03\/Diamantbrev-logo_white-1.png\" alt=\"Customer Portal\">\n            <\/a>\n        <\/div>\n\n\n<div class=\"bcp_bank_id_login\">\n    <style>\n        .bcp-form-login p:nth-child(1),\n        .bcp-form-login p:nth-child(2) {\n            display: none;\n        }\n    <\/style>\n    <div class=\"login-bankid-form-section\">\n        <form class=\"bcp-bank_id-form\" method=\"post\" enctype=\"multipart\/form-data\">\n\n            <div class=\"form-row bankid-container\">\n                <div class=\"bankid-inner-container\">\n                    <span class=\"bankid-login-woo-title\">Logga in<\/span>\n                <\/div>\n                <div class=\"bankid-inner-buttons\">\n                    <div class=\"bank_id_action\">\n                        <button class=\"btn btn-300 btn-block btn-default btn-icon btn-icon-left signicat_auth\" type=\"button\">\n                            <span class=\"btn-link-text\">\n                                <span class=\"svg-bank bank-bankid-promo bank-24 align-left\">\n                                    <img decoding=\"async\" alt=\"bankid-promo\" class=\"svg-image svg-bank-image\" height=\"24\" src=\"https:\/\/dbloginportal.com\/wp-content\/plugins\/diamantbrev-sf-wp-portal\/public\/assets\/images\/sbid.svg\" width=\"auto\">\n                                <\/span>\n                                Logga in med BankID                            <\/span>\n                        <\/button>\n                    <\/div>\n\n                    <div class=\"footer-text bank_login_text\">\n                        Observera att det kan ta ett par sekunder innan du loggas in efter att du signerat i appen.                    <\/div>\n                <\/div>\n\n                <input type=\"hidden\" name=\"redirect\" value=\"https:\/\/dbloginportal.com\/sv\/\/my-account\">\n        <\/form>\n    <\/div>\n<\/div>\n\n<script>\n    function validateNumber(event) {\n        var key = window.event ? event.keyCode : event.which;\n        if (!event.shiftKey && !event.altKey && !event.ctrlKey &&\n            \/\/ numbers   \n            key >= 48 && key <= 57 ||\n            \/\/ Numeric keypad\n            key >= 96 && key <= 105 ||\n            \/\/ Backspace and Tab and Enter\n            key == 8 || key == 9 || key == 13 ||\n            \/\/ Home and End\n            key == 35 || key == 36 ||\n            \/\/ left and right arrows\n            key == 37 || key == 39 ||\n            \/\/ Del and Ins\n            key == 46 || key == 45) {\n            return true;\n        } else {\n            event.preventDefault();\n            return false;\n        }\n    };\n    jQuery(document).ready(function() {\n\n        $('#user_bankid').on('change keyup', function() {\n            if (jQuery(this).val() != \"\") {\n                jQuery(this).addClass('text-in');\n            } else {\n                jQuery(this).removeClass('text-in');\n            }\n        });\n        jQuery.validator.addMethod(\"check_phone\", function(value, element) {\n            var phone = value;\n            console.log(phone.length);\n            if (phone.length == 12 || phone == \"\") {\n                return true;\n            } else {\n                return false;\n            }\n        }, \"Ange ett giltigt personnummer med 12 siffror.\");\n\n        jQuery.validator.addMethod(\"check_blank\", function(value, element) {\n            return value == '' || value.trim().length != 0;\n        }, \"Detta f\u00e4lt \u00e4r obligatoriskt.\");\n\n        jQuery('.bcp-bank_id-form').validate({\n            errorPlacement: function(error, element) {\n                if (element.attr(\"name\") == \"selected-product[]\") {\n                    error.appendTo(\"#err-msg\");\n                } else {\n                    error.insertAfter(element);\n                }\n            }\n        });\n\n        jQuery.extend(jQuery.validator.messages, {\n            required: \"Detta f\u00e4lt \u00e4r obligatoriskt.\",\n            remote: \"Please fix this field.\",\n            email: \"Please enter a valid email address.\",\n            url: \"Please enter a valid URL.\",\n            date: \"Please enter a valid date.\",\n            dateISO: \"Please enter a valid date (ISO).\",\n            number: \"Please enter a valid number.\",\n            digits: \"Please enter only digits.\",\n            check_number: \"Please enter a valid number.\",\n            check_phone: \"Var v\u00e4nlig ange ett giltigt telefonnummer.\",\n            equalTo: \"Please enter the same value again.\"\n        });\n\n        jQuery.validator.addClassRules(\"sfcp-phone\", {\n            check_phone: true,\n        });\n\n        jQuery.validator.addClassRules(\"sfcp-requiredfield\", {\n            check_blank: true,\n        });\n\n        jQuery(\".sfcp-requiredfield\").each(function() {\n            var name = jQuery(this).attr(\"name\");\n            var validationMessage = jQuery(this).attr(\"validationMessage\");\n            if (typeof validationMessage !== typeof undefined && validationMessage !== false) {\n                var msg = '<label id=\"' + name + '-error\" class=\"error validation\" for=\"' + name + '\">' + validationMessage + '<\/label>';\n                jQuery(this).rules(\"add\", {\n                    messages: {\n                        required: msg\n                    },\n                });\n            }\n        });\n    });\n<\/script>\n  \n               <script>\n                jQuery( document ).ready(function() {\n                    jQuery('.entry-title.main_title').remove();\n                });\n               <\/script>\n               \n        \n","protected":false},"author":6,"featured_media":240470,"parent":0,"menu_order":0,"comment_status":"closed","ping_status":"closed","template":"page-crm-standalone.php","meta":{"_et_pb_use_builder":"on","_et_pb_old_content":"<!-- wp:paragraph -->\n<p><\/p>\n<!-- \/wp:paragraph -->\n\n<!-- wp:paragraph -->\n<p><\/p>\n<!-- \/wp:paragraph -->\n\n<!-- wp:paragraph -->\n<p><\/p>\n<!-- \/wp:paragraph -->\n\n<!-- wp:paragraph -->\n<p><\/p>\n<!-- \/wp:paragraph -->\n\n<!-- wp:paragraph -->\n<p><\/p>\n<!-- \/wp:paragraph -->\n\n<!-- wp:columns -->\n<div class=\"wp-block-columns\"><!-- wp:column {\"width\":\"100%\"} -->\n<div class=\"wp-block-column\" style=\"flex-basis:100%\"><!-- wp:html -->\n[bcp_bank_id_login]\n<!-- \/wp:html --><\/div>\n<!-- \/wp:column --><\/div>\n<!-- \/wp:columns -->\n\n<!-- wp:paragraph -->\n<p><\/p>\n<!-- \/wp:paragraph -->","_et_gb_content_width":"1080","_bcp_page_type":"bcp_login","_bcp_modules":"","_bcp_portal_elements":true,"inline_featured_image":false,"footnotes":""},"class_list":["post-239228","page","type-page","status-publish","has-post-thumbnail","hentry"],"yoast_head":"<!-- This site is optimized with the Yoast SEO Premium plugin v25.5 (Yoast SEO v27.4) - https:\/\/yoast.com\/product\/yoast-seo-premium-wordpress\/ -->\n<title>Logga in - Diamantbrev<\/title>\n<meta name=\"robots\" content=\"index, follow, max-snippet:-1, max-image-preview:large, max-video-preview:-1\" \/>\n<link rel=\"canonical\" href=\"https:\/\/dbloginportal.com\/sv\/\" \/>\n<meta property=\"og:locale\" content=\"sv_SE\" \/>\n<meta property=\"og:type\" content=\"article\" \/>\n<meta property=\"og:title\" content=\"Logga in\" \/>\n<meta property=\"og:url\" content=\"https:\/\/dbloginportal.com\/sv\/\" \/>\n<meta property=\"og:site_name\" content=\"Diamantbrev\" \/>\n<meta property=\"article:publisher\" content=\"http:\/\/www.facebook.com\/diamantbrev\/\" \/>\n<meta property=\"article:modified_time\" content=\"2025-10-10T12:11:56+00:00\" \/>\n<meta property=\"og:image\" content=\"https:\/\/dbloginportal.com\/wp-content\/uploads\/2024\/03\/Test-version-db-ny-bg-1024x682.png\" \/>\n\t<meta property=\"og:image:width\" content=\"1024\" \/>\n\t<meta property=\"og:image:height\" content=\"682\" \/>\n\t<meta property=\"og:image:type\" content=\"image\/png\" \/>\n<meta name=\"twitter:card\" content=\"summary_large_image\" \/>\n<meta name=\"twitter:label1\" content=\"Ber\u00e4knad l\u00e4stid\" \/>\n\t<meta name=\"twitter:data1\" content=\"1 minut\" \/>\n<script type=\"application\/ld+json\" class=\"yoast-schema-graph\">{\"@context\":\"https:\\\/\\\/schema.org\",\"@graph\":[{\"@type\":\"WebPage\",\"@id\":\"https:\\\/\\\/dbloginportal.com\\\/sv\\\/\",\"url\":\"https:\\\/\\\/dbloginportal.com\\\/sv\\\/\",\"name\":\"Logga in - Diamantbrev\",\"isPartOf\":{\"@id\":\"https:\\\/\\\/dbloginportal.com\\\/sv\\\/#website\"},\"primaryImageOfPage\":{\"@id\":\"https:\\\/\\\/dbloginportal.com\\\/sv\\\/#primaryimage\"},\"image\":{\"@id\":\"https:\\\/\\\/dbloginportal.com\\\/sv\\\/#primaryimage\"},\"thumbnailUrl\":\"https:\\\/\\\/dbloginportal.com\\\/wp-content\\\/uploads\\\/2024\\\/03\\\/Test-version-db-ny-bg.png\",\"datePublished\":\"2022-07-21T04:23:09+00:00\",\"dateModified\":\"2025-10-10T12:11:56+00:00\",\"breadcrumb\":{\"@id\":\"https:\\\/\\\/dbloginportal.com\\\/sv\\\/#breadcrumb\"},\"inLanguage\":\"sv-SE\",\"potentialAction\":[{\"@type\":\"ReadAction\",\"target\":[\"https:\\\/\\\/dbloginportal.com\\\/sv\\\/\"]}]},{\"@type\":\"ImageObject\",\"inLanguage\":\"sv-SE\",\"@id\":\"https:\\\/\\\/dbloginportal.com\\\/sv\\\/#primaryimage\",\"url\":\"https:\\\/\\\/dbloginportal.com\\\/wp-content\\\/uploads\\\/2024\\\/03\\\/Test-version-db-ny-bg.png\",\"contentUrl\":\"https:\\\/\\\/dbloginportal.com\\\/wp-content\\\/uploads\\\/2024\\\/03\\\/Test-version-db-ny-bg.png\",\"width\":2880,\"height\":1917,\"caption\":\"Guldsmycken avsedda f\u00f6r att s\u00e4lja guld. \u00c4ven lite diamantsmycken tillverkade av guld och vitguld.\"},{\"@type\":\"BreadcrumbList\",\"@id\":\"https:\\\/\\\/dbloginportal.com\\\/sv\\\/#breadcrumb\",\"itemListElement\":[{\"@type\":\"ListItem\",\"position\":1,\"name\":\"Hem\",\"item\":\"https:\\\/\\\/dbloginportal.com\\\/sv\\\/\"},{\"@type\":\"ListItem\",\"position\":2,\"name\":\"Logga in\"}]},{\"@type\":\"WebSite\",\"@id\":\"https:\\\/\\\/dbloginportal.com\\\/sv\\\/#website\",\"url\":\"https:\\\/\\\/dbloginportal.com\\\/sv\\\/\",\"name\":\"Diamantbrev\",\"description\":\"Vi k\u00f6per ditt guld och dina diamanter\",\"publisher\":{\"@id\":\"https:\\\/\\\/dbloginportal.com\\\/sv\\\/#organization\"},\"potentialAction\":[{\"@type\":\"SearchAction\",\"target\":{\"@type\":\"EntryPoint\",\"urlTemplate\":\"https:\\\/\\\/dbloginportal.com\\\/sv\\\/?s={search_term_string}\"},\"query-input\":{\"@type\":\"PropertyValueSpecification\",\"valueRequired\":true,\"valueName\":\"search_term_string\"}}],\"inLanguage\":\"sv-SE\"},{\"@type\":\"Organization\",\"@id\":\"https:\\\/\\\/dbloginportal.com\\\/sv\\\/#organization\",\"name\":\"Diamantbrev\",\"url\":\"https:\\\/\\\/dbloginportal.com\\\/sv\\\/\",\"logo\":{\"@type\":\"ImageObject\",\"inLanguage\":\"sv-SE\",\"@id\":\"https:\\\/\\\/dbloginportal.com\\\/sv\\\/#\\\/schema\\\/logo\\\/image\\\/\",\"url\":\"https:\\\/\\\/dbloginportal.com\\\/wp-content\\\/uploads\\\/2021\\\/01\\\/Diamantbrev-logo_Rityta-1.svg\",\"contentUrl\":\"https:\\\/\\\/dbloginportal.com\\\/wp-content\\\/uploads\\\/2021\\\/01\\\/Diamantbrev-logo_Rityta-1.svg\",\"width\":\"1024\",\"height\":\"1024\",\"caption\":\"Diamantbrev\"},\"image\":{\"@id\":\"https:\\\/\\\/dbloginportal.com\\\/sv\\\/#\\\/schema\\\/logo\\\/image\\\/\"},\"sameAs\":[\"http:\\\/\\\/www.facebook.com\\\/diamantbrev\\\/\",\"http:\\\/\\\/www.instagram.com\\\/diamantbrev\\\/\"]}]}<\/script>\n<!-- \/ Yoast SEO Premium plugin. -->","yoast_head_json":{"title":"Logga in - Diamantbrev","robots":{"index":"index","follow":"follow","max-snippet":"max-snippet:-1","max-image-preview":"max-image-preview:large","max-video-preview":"max-video-preview:-1"},"canonical":"https:\/\/dbloginportal.com\/sv\/","og_locale":"sv_SE","og_type":"article","og_title":"Logga in","og_url":"https:\/\/dbloginportal.com\/sv\/","og_site_name":"Diamantbrev","article_publisher":"http:\/\/www.facebook.com\/diamantbrev\/","article_modified_time":"2025-10-10T12:11:56+00:00","og_image":[{"width":1024,"height":682,"url":"https:\/\/dbloginportal.com\/wp-content\/uploads\/2024\/03\/Test-version-db-ny-bg-1024x682.png","type":"image\/png"}],"twitter_card":"summary_large_image","twitter_misc":{"Ber\u00e4knad l\u00e4stid":"1 minut"},"schema":{"@context":"https:\/\/schema.org","@graph":[{"@type":"WebPage","@id":"https:\/\/dbloginportal.com\/sv\/","url":"https:\/\/dbloginportal.com\/sv\/","name":"Logga in - Diamantbrev","isPartOf":{"@id":"https:\/\/dbloginportal.com\/sv\/#website"},"primaryImageOfPage":{"@id":"https:\/\/dbloginportal.com\/sv\/#primaryimage"},"image":{"@id":"https:\/\/dbloginportal.com\/sv\/#primaryimage"},"thumbnailUrl":"https:\/\/dbloginportal.com\/wp-content\/uploads\/2024\/03\/Test-version-db-ny-bg.png","datePublished":"2022-07-21T04:23:09+00:00","dateModified":"2025-10-10T12:11:56+00:00","breadcrumb":{"@id":"https:\/\/dbloginportal.com\/sv\/#breadcrumb"},"inLanguage":"sv-SE","potentialAction":[{"@type":"ReadAction","target":["https:\/\/dbloginportal.com\/sv\/"]}]},{"@type":"ImageObject","inLanguage":"sv-SE","@id":"https:\/\/dbloginportal.com\/sv\/#primaryimage","url":"https:\/\/dbloginportal.com\/wp-content\/uploads\/2024\/03\/Test-version-db-ny-bg.png","contentUrl":"https:\/\/dbloginportal.com\/wp-content\/uploads\/2024\/03\/Test-version-db-ny-bg.png","width":2880,"height":1917,"caption":"Guldsmycken avsedda f\u00f6r att s\u00e4lja guld. \u00c4ven lite diamantsmycken tillverkade av guld och vitguld."},{"@type":"BreadcrumbList","@id":"https:\/\/dbloginportal.com\/sv\/#breadcrumb","itemListElement":[{"@type":"ListItem","position":1,"name":"Hem","item":"https:\/\/dbloginportal.com\/sv\/"},{"@type":"ListItem","position":2,"name":"Logga in"}]},{"@type":"WebSite","@id":"https:\/\/dbloginportal.com\/sv\/#website","url":"https:\/\/dbloginportal.com\/sv\/","name":"Diamantbrev","description":"Vi k\u00f6per ditt guld och dina diamanter","publisher":{"@id":"https:\/\/dbloginportal.com\/sv\/#organization"},"potentialAction":[{"@type":"SearchAction","target":{"@type":"EntryPoint","urlTemplate":"https:\/\/dbloginportal.com\/sv\/?s={search_term_string}"},"query-input":{"@type":"PropertyValueSpecification","valueRequired":true,"valueName":"search_term_string"}}],"inLanguage":"sv-SE"},{"@type":"Organization","@id":"https:\/\/dbloginportal.com\/sv\/#organization","name":"Diamantbrev","url":"https:\/\/dbloginportal.com\/sv\/","logo":{"@type":"ImageObject","inLanguage":"sv-SE","@id":"https:\/\/dbloginportal.com\/sv\/#\/schema\/logo\/image\/","url":"https:\/\/dbloginportal.com\/wp-content\/uploads\/2021\/01\/Diamantbrev-logo_Rityta-1.svg","contentUrl":"https:\/\/dbloginportal.com\/wp-content\/uploads\/2021\/01\/Diamantbrev-logo_Rityta-1.svg","width":"1024","height":"1024","caption":"Diamantbrev"},"image":{"@id":"https:\/\/dbloginportal.com\/sv\/#\/schema\/logo\/image\/"},"sameAs":["http:\/\/www.facebook.com\/diamantbrev\/","http:\/\/www.instagram.com\/diamantbrev\/"]}]}},"_links":{"self":[{"href":"https:\/\/dbloginportal.com\/sv\/wp-json\/wp\/v2\/pages\/239228","targetHints":{"allow":["GET"]}}],"collection":[{"href":"https:\/\/dbloginportal.com\/sv\/wp-json\/wp\/v2\/pages"}],"about":[{"href":"https:\/\/dbloginportal.com\/sv\/wp-json\/wp\/v2\/types\/page"}],"author":[{"embeddable":true,"href":"https:\/\/dbloginportal.com\/sv\/wp-json\/wp\/v2\/users\/6"}],"replies":[{"embeddable":true,"href":"https:\/\/dbloginportal.com\/sv\/wp-json\/wp\/v2\/comments?post=239228"}],"version-history":[{"count":0,"href":"https:\/\/dbloginportal.com\/sv\/wp-json\/wp\/v2\/pages\/239228\/revisions"}],"wp:featuredmedia":[{"embeddable":true,"href":"https:\/\/dbloginportal.com\/sv\/wp-json\/wp\/v2\/media\/240470"}],"wp:attachment":[{"href":"https:\/\/dbloginportal.com\/sv\/wp-json\/wp\/v2\/media?parent=239228"}],"curies":[{"name":"wp","href":"https:\/\/api.w.org\/{rel}","templated":true}]}}